{"id":237,"date":"2018-05-17T14:51:11","date_gmt":"2018-05-17T18:51:11","guid":{"rendered":"http:\/\/philphysics.uwo.ca\/?page_id=237"},"modified":"2018-06-18T16:07:44","modified_gmt":"2018-06-18T20:07:44","slug":"participants-2","status":"publish","type":"page","link":"https:\/\/philphysics.uwo.ca\/index.php\/participants-2\/","title":{"rendered":"Participants"},"content":{"rendered":"<p><strong>Tony<\/strong> <strong>Bartolotta <\/strong><em>California Institute of Technology<\/em>, <em>Walter Burke Institute for Theoretical Physics<br \/>\n<\/em><\/p>\n<p><strong>Joshua Luczak <\/strong><em>Lebniz Universit\u00e4t Hannover, Institute of Philosophy<\/em><\/p>\n<p><strong>Owen Maroney <\/strong><em>University of Oxford, Faculty of Philosophy<\/em><\/p>\n<p><strong>Markus M\u00fcller <\/strong><em>Austrian Academy of Sciences, Institute for Quantum Optics and Quantum Information Vienna<\/em><\/p>\n<p><strong>Nelly Ng <\/strong><em>Freie Universit\u00e4t Berlin, Department of Physics<\/em><\/p>\n<p><strong>Carina Prunkl <\/strong>U<em>niversity of Oxford, Balliol College<\/em><\/p>\n<p><strong>Carlo Sparaciari\u00a0 <\/strong><em>University College, London<\/em><strong><br \/>\n<\/strong><\/p>\n<p><strong>Robert Spekkens <\/strong><em>Perimeter Institute for Theoretical Physics, Quantum Foundations<\/em><\/p>\n<p><strong>Jos Uffink <\/strong><em>University of Minnesota, Philosophy<\/em><\/p>\n<p><strong>David Wallace <\/strong><em>University of Southern California, Philosophy<\/em><\/p>\n<p><strong>\u00a0<\/strong><\/p>\n","protected":false},"excerpt":{"rendered":"<p>Tony Bartolotta California Institute of Technology, Walter Burke Institute for Theoretical Physics Joshua Luczak Lebniz Universit\u00e4t Hannover, Institute of Philosophy Owen Maroney University of Oxford, Faculty of Philosophy Markus M\u00fcller Austrian Academy of Sciences, Institute for Quantum Optics and Quantum Information Vienna Nelly Ng Freie Universit\u00e4t Berlin, Department of Physics Carina Prunkl University of Oxford, &hellip; <a href=\"https:\/\/philphysics.uwo.ca\/index.php\/participants-2\/\" class=\"more-link\">Continue reading<span class=\"screen-reader-text\"> &#8220;Participants&#8221;<\/span><\/a><\/p>\n","protected":false},"author":6,"featured_media":0,"parent":0,"menu_order":0,"comment_status":"closed","ping_status":"closed","template":"","meta":{"_exactmetrics_skip_tracking":false,"_exactmetrics_sitenote_active":false,"_exactmetrics_sitenote_note":"","_exactmetrics_sitenote_category":0,"footnotes":""},"class_list":["post-237","page","type-page","status-publish","hentry"],"_links":{"self":[{"href":"https:\/\/philphysics.uwo.ca\/index.php\/wp-json\/wp\/v2\/pages\/237"}],"collection":[{"href":"https:\/\/philphysics.uwo.ca\/index.php\/wp-json\/wp\/v2\/pages"}],"about":[{"href":"https:\/\/philphysics.uwo.ca\/index.php\/wp-json\/wp\/v2\/types\/page"}],"author":[{"embeddable":true,"href":"https:\/\/philphysics.uwo.ca\/index.php\/wp-json\/wp\/v2\/users\/6"}],"replies":[{"embeddable":true,"href":"https:\/\/philphysics.uwo.ca\/index.php\/wp-json\/wp\/v2\/comments?post=237"}],"version-history":[{"count":10,"href":"https:\/\/philphysics.uwo.ca\/index.php\/wp-json\/wp\/v2\/pages\/237\/revisions"}],"predecessor-version":[{"id":339,"href":"https:\/\/philphysics.uwo.ca\/index.php\/wp-json\/wp\/v2\/pages\/237\/revisions\/339"}],"wp:attachment":[{"href":"https:\/\/philphysics.uwo.ca\/index.php\/wp-json\/wp\/v2\/media?parent=237"}],"curies":[{"name":"wp","href":"https:\/\/api.w.org\/{rel}","templated":true}]}}